{"id":3641,"date":"2024-12-28T16:43:37","date_gmt":"2024-12-28T15:43:37","guid":{"rendered":"https:\/\/boutique.acorpsbeaute.com\/cart\/"},"modified":"2025-03-12T13:43:19","modified_gmt":"2025-03-12T12:43:19","slug":"cart","status":"publish","type":"page","link":"https:\/\/boutique.acorpsbeaute.com\/en\/cart\/","title":{"rendered":"Basket"},"content":{"rendered":"\n<div data-block-name=\"woocommerce\/cart\" class=\"wp-block-woocommerce-cart alignwide is-loading wc-block-cart\">\n<div data-block-name=\"woocommerce\/filled-cart-block\" class=\"wp-block-woocommerce-filled-cart-block\">\n<div data-block-name=\"woocommerce\/cart-items-block\" class=\"wp-block-woocommerce-cart-items-block\">\n<div data-block-name=\"woocommerce\/cart-line-items-block\" class=\"wp-block-woocommerce-cart-line-items-block\"><\/div>\n\n\n\n<div data-block-name=\"woocommerce\/cart-cross-sells-block\" class=\"wp-block-woocommerce-cart-cross-sells-block\">\n<h2 class=\"wp-block-heading has-large-font-size\">You may be interested in&#8230;<\/h2>\n\n\n\n<div data-block-name=\"woocommerce\/cart-cross-sells-products-block\" class=\"wp-block-woocommerce-cart-cross-sells-products-block\"><\/div>\n<\/div>\n<\/div>\n\n\n\n<div data-block-name=\"woocommerce\/cart-totals-block\" class=\"wp-block-woocommerce-cart-totals-block\">\n<div data-block-name=\"woocommerce\/cart-order-summary-block\" class=\"wp-block-woocommerce-cart-order-summary-block\">\n<div data-block-name=\"woocommerce\/cart-order-summary-heading-block\" data-content=\"Total panier\" class=\"wp-block-woocommerce-cart-order-summary-heading-block\"><\/div>\n\n\n\n<div data-block-name=\"woocommerce\/cart-order-summary-coupon-form-block\" class=\"wp-block-woocommerce-cart-order-summary-coupon-form-block\"><\/div>\n\n\n\n<div data-block-name=\"woocommerce\/cart-order-summary-totals-block\" class=\"wp-block-woocommerce-cart-order-summary-totals-block\">\n<div data-block-name=\"woocommerce\/cart-order-summary-subtotal-block\" class=\"wp-block-woocommerce-cart-order-summary-subtotal-block\"><\/div>\n\n\n\n<div data-block-name=\"woocommerce\/cart-order-summary-fee-block\" class=\"wp-block-woocommerce-cart-order-summary-fee-block\"><\/div>\n\n\n\n<div data-block-name=\"woocommerce\/cart-order-summary-discount-block\" class=\"wp-block-woocommerce-cart-order-summary-discount-block\"><\/div>\n\n\n\n<div data-block-name=\"woocommerce\/cart-order-summary-shipping-block\" class=\"wp-block-woocommerce-cart-order-summary-shipping-block\"><\/div>\n\n\n\n<div data-block-name=\"woocommerce\/cart-order-summary-taxes-block\" class=\"wp-block-woocommerce-cart-order-summary-taxes-block\"><\/div>\n<\/div>\n<\/div>\n\n\n\n<div data-block-name=\"woocommerce-paypal-payments\/cart-paylater-messages\" data-pp-placement=\"cart\" data-pp-style-layout=\"text\" data-pp-style-logo-position=\"left\" data-pp-style-logo-type=\"none\" data-pp-style-text-color=\"black\" data-pp-style-text-size=\"16\" id=\"ppcp-cart-paylater-messages\" class=\"ppcp-messages\" data-partner-attribution-id=\"WooPPCP_Ecom_PS_CoreProfiler\"><\/div><div data-block-name=\"woocommerce\/cart-express-payment-block\" class=\"wp-block-woocommerce-cart-express-payment-block\"><\/div>\n\n\n\n<div data-block-name=\"woocommerce\/proceed-to-checkout-block\" class=\"wp-block-woocommerce-proceed-to-checkout-block\"><\/div>\n<div id=\"ppcp-recaptcha-v2-container\" style=\"margin:20px 0;\"><\/div>\n\n\n<div data-block-name=\"woocommerce\/cart-accepted-payment-methods-block\" class=\"wp-block-woocommerce-cart-accepted-payment-methods-block\"><\/div>\n<\/div>\n<\/div>\n\n\n\n<div data-block-name=\"woocommerce\/empty-cart-block\" class=\"wp-block-woocommerce-empty-cart-block\">\n<h2 class=\"wp-block-heading has-text-align-center with-empty-cart-icon wc-block-cart__empty-cart__title\">Your basket is currently empty!<\/h2>\n\n\n\n<p class=\"has-text-align-center\"><a href=\"https:\/\/boutique.acorpsbeaute.com\/boutique\/\">Browse the store<\/a><\/p>\n\n\n\n<hr class=\"wp-block-separator has-alpha-channel-opacity is-style-dots\"\/>\n\n\n\n<h2 class=\"wp-block-heading has-text-align-center\">New in the store<\/h2>\n\n\n<div data-block-name=\"woocommerce\/product-new\" data-columns=\"4\" data-rows=\"1\" class=\"wc-block-grid wp-block-product-new wp-block-woocommerce-product-new wc-block-product-new has-4-columns\"><ul class=\"wc-block-grid__products\"><li class=\"wc-block-grid__product product-grid \">\n\t\t\t\t<div class=\"loop-image-wrap botiga-add-to-cart-button-layout2 botiga-quick-view-button-layout2\">\n\t\t\t\t\t<a href=\"https:\/\/boutique.acorpsbeaute.com\/produit\/protection-uv-spf-25\/\" class=\"wc-block-grid__product-link\" title=\"Add to cart\">\n\t\t\t\t\t\t<div class=\"wc-block-grid__product-image\"><img fetchpriority=\"high\" decoding=\"async\" width=\"420\" height=\"420\" src=\"https:\/\/boutique.acorpsbeaute.com\/wp-content\/uploads\/2026\/04\/Protection-U.V.-SPF-25-Biologique-Recherche-50-ml-420x420.webp\" class=\"attachment-woocommerce_thumbnail size-woocommerce_thumbnail\" alt=\"Protection U.V. SPF 25 Biologique Recherche 50 ml, cr\u00e8me solaire visage filtres 100% naturels UVA UVB infrarouges\" srcset=\"https:\/\/boutique.acorpsbeaute.com\/wp-content\/uploads\/2026\/04\/Protection-U.V.-SPF-25-Biologique-Recherche-50-ml-420x420.webp 420w, https:\/\/boutique.acorpsbeaute.com\/wp-content\/uploads\/2026\/04\/Protection-U.V.-SPF-25-Biologique-Recherche-50-ml-300x300.webp 300w, https:\/\/boutique.acorpsbeaute.com\/wp-content\/uploads\/2026\/04\/Protection-U.V.-SPF-25-Biologique-Recherche-50-ml-150x150.webp 150w, https:\/\/boutique.acorpsbeaute.com\/wp-content\/uploads\/2026\/04\/Protection-U.V.-SPF-25-Biologique-Recherche-50-ml-768x768.webp 768w, https:\/\/boutique.acorpsbeaute.com\/wp-content\/uploads\/2026\/04\/Protection-U.V.-SPF-25-Biologique-Recherche-50-ml-575x575.webp 575w, https:\/\/boutique.acorpsbeaute.com\/wp-content\/uploads\/2026\/04\/Protection-U.V.-SPF-25-Biologique-Recherche-50-ml-380x380.webp 380w, https:\/\/boutique.acorpsbeaute.com\/wp-content\/uploads\/2026\/04\/Protection-U.V.-SPF-25-Biologique-Recherche-50-ml-100x100.webp 100w, https:\/\/boutique.acorpsbeaute.com\/wp-content\/uploads\/2026\/04\/Protection-U.V.-SPF-25-Biologique-Recherche-50-ml-80x80.webp 80w, https:\/\/boutique.acorpsbeaute.com\/wp-content\/uploads\/2026\/04\/Protection-U.V.-SPF-25-Biologique-Recherche-50-ml.webp 800w\" sizes=\"(max-width: 420px) 100vw, 420px\" \/><\/div>\n\t\t\t\t\t<\/a>\n\t<a href=\"#\" class=\"button botiga-quick-view-show-on-hover botiga-quick-view botiga-quick-view-layout2\" aria-label=\"Quick view the Protection U.V. SPF 25 &#8211; Biologique Recherche product\" data-product-id=\"12359\" data-nonce=\"8a6cf4dd68\">\n\t\tQuick View\t<\/a>\n\t<\/div><a href=\"https:\/\/boutique.acorpsbeaute.com\/produit\/protection-uv-spf-25\/\" class=\"wc-block-grid__product-link\">\n\t\t\t\t\t<div class=\"wc-block-grid__product-title\">Protection U.V. SPF 25 &#8211; Biologique Recherche<\/div>\n\t\t\t\t<\/a><div class=\"wc-block-grid__product-price price\"><span class=\"woocommerce-Price-amount amount\">117,50&nbsp;<span class=\"woocommerce-Price-currencySymbol\">&euro;<\/span><\/span><\/div><div class=\"wp-block-button wc-block-grid__product-add-to-cart\"><div class=\"loop-button-wrap button-width-auto button-layout2 \"><a href=\"\/en\/wp-json\/wp\/v2\/pages\/3641?add-to-cart=12359\" aria-label=\"Add to cart: &ldquo;Protection U.V. SPF 25 - Biologique Recherche&rdquo;\" data-quantity=\"1\" data-product_id=\"12359\" data-product_sku=\"\" rel=\"nofollow\" class=\"button wp-block-button__link add_to_cart_button ajax_add_to_cart\">Add to cart<\/a><\/div><\/div><\/li><li class=\"wc-block-grid__product product-grid \">\n\t\t\t\t<div class=\"loop-image-wrap botiga-add-to-cart-button-layout2 botiga-quick-view-button-layout2\">\n\t\t\t\t\t<a href=\"https:\/\/boutique.acorpsbeaute.com\/produit\/serum-spectral-biologique-recherche\/\" class=\"wc-block-grid__product-link\" title=\"Select options\">\n\t\t\t\t\t\t<div class=\"wc-block-grid__product-image\"><img decoding=\"async\" width=\"420\" height=\"420\" src=\"https:\/\/boutique.acorpsbeaute.com\/wp-content\/uploads\/2026\/03\/SPECTRAL_version_2_1_transparent-420x420.webp\" class=\"attachment-woocommerce_thumbnail size-woocommerce_thumbnail\" alt=\"S\u00e9rum Spectral Biologique Recherche, s\u00e9rum visage antioxydant r\u00e9silience cutan\u00e9e lumi\u00e8re\" srcset=\"https:\/\/boutique.acorpsbeaute.com\/wp-content\/uploads\/2026\/03\/SPECTRAL_version_2_1_transparent-420x420.webp 420w, https:\/\/boutique.acorpsbeaute.com\/wp-content\/uploads\/2026\/03\/SPECTRAL_version_2_1_transparent-300x300.webp 300w, https:\/\/boutique.acorpsbeaute.com\/wp-content\/uploads\/2026\/03\/SPECTRAL_version_2_1_transparent-1024x1024.webp 1024w, https:\/\/boutique.acorpsbeaute.com\/wp-content\/uploads\/2026\/03\/SPECTRAL_version_2_1_transparent-150x150.webp 150w, https:\/\/boutique.acorpsbeaute.com\/wp-content\/uploads\/2026\/03\/SPECTRAL_version_2_1_transparent-768x768.webp 768w, https:\/\/boutique.acorpsbeaute.com\/wp-content\/uploads\/2026\/03\/SPECTRAL_version_2_1_transparent-1536x1536.webp 1536w, https:\/\/boutique.acorpsbeaute.com\/wp-content\/uploads\/2026\/03\/SPECTRAL_version_2_1_transparent-2048x2048.webp 2048w, https:\/\/boutique.acorpsbeaute.com\/wp-content\/uploads\/2026\/03\/SPECTRAL_version_2_1_transparent-1140x1140.webp 1140w, https:\/\/boutique.acorpsbeaute.com\/wp-content\/uploads\/2026\/03\/SPECTRAL_version_2_1_transparent-920x920.webp 920w, https:\/\/boutique.acorpsbeaute.com\/wp-content\/uploads\/2026\/03\/SPECTRAL_version_2_1_transparent-575x575.webp 575w, https:\/\/boutique.acorpsbeaute.com\/wp-content\/uploads\/2026\/03\/SPECTRAL_version_2_1_transparent-380x380.webp 380w, https:\/\/boutique.acorpsbeaute.com\/wp-content\/uploads\/2026\/03\/SPECTRAL_version_2_1_transparent-800x800.webp 800w, https:\/\/boutique.acorpsbeaute.com\/wp-content\/uploads\/2026\/03\/SPECTRAL_version_2_1_transparent-100x100.webp 100w, https:\/\/boutique.acorpsbeaute.com\/wp-content\/uploads\/2026\/03\/SPECTRAL_version_2_1_transparent-80x80.webp 80w\" sizes=\"(max-width: 420px) 100vw, 420px\" \/><\/div>\n\t\t\t\t\t<\/a>\n\t<a href=\"#\" class=\"button botiga-quick-view-show-on-hover botiga-quick-view botiga-quick-view-layout2\" aria-label=\"Quick view the S\u00e9rum Spectral \u2013 Biologique Recherche product\" data-product-id=\"12342\" data-nonce=\"8a6cf4dd68\">\n\t\tQuick View\t<\/a>\n\t<\/div><a href=\"https:\/\/boutique.acorpsbeaute.com\/produit\/serum-spectral-biologique-recherche\/\" class=\"wc-block-grid__product-link\">\n\t\t\t\t\t<div class=\"wc-block-grid__product-title\">S\u00e9rum Spectral \u2013 Biologique Recherche<\/div>\n\t\t\t\t<\/a><div class=\"wc-block-grid__product-price price\"><span class=\"woocommerce-Price-amount amount\" aria-hidden=\"true\">57,84&nbsp;<span class=\"woocommerce-Price-currencySymbol\">&euro;<\/span><\/span> <span aria-hidden=\"true\">&ndash;<\/span> <span class=\"woocommerce-Price-amount amount\" aria-hidden=\"true\">146,87&nbsp;<span class=\"woocommerce-Price-currencySymbol\">&euro;<\/span><\/span><span class=\"screen-reader-text\">Price range: 57,84&nbsp;&euro; through 146,87&nbsp;&euro;<\/span><\/div><div class=\"wp-block-button wc-block-grid__product-add-to-cart\"><div class=\"loop-button-wrap button-width-auto button-layout2 \"><a href=\"https:\/\/boutique.acorpsbeaute.com\/produit\/serum-spectral-biologique-recherche\/\" aria-label=\"Select options for &ldquo;S\u00e9rum Spectral \u2013 Biologique Recherche&rdquo;\" data-quantity=\"1\" data-product_id=\"12342\" data-product_sku=\"\" rel=\"nofollow\" class=\"button wp-block-button__link add_to_cart_button\">Select options<\/a><\/div><\/div><\/li><li class=\"wc-block-grid__product product-grid \">\n\t\t\t\t<div class=\"loop-image-wrap botiga-add-to-cart-button-layout2 botiga-quick-view-button-layout2\">\n\t\t\t\t\t<a href=\"https:\/\/boutique.acorpsbeaute.com\/produit\/apres-shampooing-hydratation-fondamentale-ioma\/\" class=\"wc-block-grid__product-link\" title=\"Add to cart\">\n\t\t\t\t\t\t<div class=\"wc-block-grid__product-image\"><img decoding=\"async\" width=\"420\" height=\"420\" src=\"https:\/\/boutique.acorpsbeaute.com\/wp-content\/uploads\/2026\/03\/Apres-Shampooing-Hydratation-Fondamentale-IOMA-Paris-420x420.webp\" class=\"attachment-woocommerce_thumbnail size-woocommerce_thumbnail\" alt=\"Apr\u00e8s-Shampooing Hydratation Fondamentale IOMA Paris - soin cheveux hydratant d\u00e9m\u00ealant brillance\" srcset=\"https:\/\/boutique.acorpsbeaute.com\/wp-content\/uploads\/2026\/03\/Apres-Shampooing-Hydratation-Fondamentale-IOMA-Paris-420x420.webp 420w, https:\/\/boutique.acorpsbeaute.com\/wp-content\/uploads\/2026\/03\/Apres-Shampooing-Hydratation-Fondamentale-IOMA-Paris-300x300.webp 300w, https:\/\/boutique.acorpsbeaute.com\/wp-content\/uploads\/2026\/03\/Apres-Shampooing-Hydratation-Fondamentale-IOMA-Paris-1024x1024.webp 1024w, https:\/\/boutique.acorpsbeaute.com\/wp-content\/uploads\/2026\/03\/Apres-Shampooing-Hydratation-Fondamentale-IOMA-Paris-150x150.webp 150w, https:\/\/boutique.acorpsbeaute.com\/wp-content\/uploads\/2026\/03\/Apres-Shampooing-Hydratation-Fondamentale-IOMA-Paris-768x768.webp 768w, https:\/\/boutique.acorpsbeaute.com\/wp-content\/uploads\/2026\/03\/Apres-Shampooing-Hydratation-Fondamentale-IOMA-Paris-1536x1536.webp 1536w, https:\/\/boutique.acorpsbeaute.com\/wp-content\/uploads\/2026\/03\/Apres-Shampooing-Hydratation-Fondamentale-IOMA-Paris-1140x1140.webp 1140w, https:\/\/boutique.acorpsbeaute.com\/wp-content\/uploads\/2026\/03\/Apres-Shampooing-Hydratation-Fondamentale-IOMA-Paris-920x920.webp 920w, https:\/\/boutique.acorpsbeaute.com\/wp-content\/uploads\/2026\/03\/Apres-Shampooing-Hydratation-Fondamentale-IOMA-Paris-575x575.webp 575w, https:\/\/boutique.acorpsbeaute.com\/wp-content\/uploads\/2026\/03\/Apres-Shampooing-Hydratation-Fondamentale-IOMA-Paris-380x380.webp 380w, https:\/\/boutique.acorpsbeaute.com\/wp-content\/uploads\/2026\/03\/Apres-Shampooing-Hydratation-Fondamentale-IOMA-Paris-800x800.webp 800w, https:\/\/boutique.acorpsbeaute.com\/wp-content\/uploads\/2026\/03\/Apres-Shampooing-Hydratation-Fondamentale-IOMA-Paris-100x100.webp 100w, https:\/\/boutique.acorpsbeaute.com\/wp-content\/uploads\/2026\/03\/Apres-Shampooing-Hydratation-Fondamentale-IOMA-Paris-80x80.webp 80w, https:\/\/boutique.acorpsbeaute.com\/wp-content\/uploads\/2026\/03\/Apres-Shampooing-Hydratation-Fondamentale-IOMA-Paris.webp 1600w\" sizes=\"(max-width: 420px) 100vw, 420px\" \/><\/div>\n\t\t\t\t\t<\/a><span class=\"onsale\">Soldes<\/span>\n\t<a href=\"#\" class=\"button botiga-quick-view-show-on-hover botiga-quick-view botiga-quick-view-layout2\" aria-label=\"Quick view the Apr\u00e8s-Shampooing Hydratation Fondamentale &#8211; IOMA product\" data-product-id=\"12137\" data-nonce=\"8a6cf4dd68\">\n\t\tQuick View\t<\/a>\n\t<\/div><a href=\"https:\/\/boutique.acorpsbeaute.com\/produit\/apres-shampooing-hydratation-fondamentale-ioma\/\" class=\"wc-block-grid__product-link\">\n\t\t\t\t\t<div class=\"wc-block-grid__product-title\">Apr\u00e8s-Shampooing Hydratation Fondamentale &#8211; IOMA<\/div>\n\t\t\t\t<\/a><div class=\"wc-block-grid__product-price price\"><del aria-hidden=\"true\"><span class=\"woocommerce-Price-amount amount\">34,90&nbsp;<span class=\"woocommerce-Price-currencySymbol\">&euro;<\/span><\/span><\/del> <span class=\"screen-reader-text\">Original price was: 34,90&nbsp;&euro;.<\/span><ins aria-hidden=\"true\"><span class=\"woocommerce-Price-amount amount\">19,90&nbsp;<span class=\"woocommerce-Price-currencySymbol\">&euro;<\/span><\/span><\/ins><span class=\"screen-reader-text\">Current price is: 19,90&nbsp;&euro;.<\/span><\/div><div class=\"wp-block-button wc-block-grid__product-add-to-cart\"><div class=\"loop-button-wrap button-width-auto button-layout2 \"><a href=\"\/en\/wp-json\/wp\/v2\/pages\/3641?add-to-cart=12137\" aria-label=\"Add to cart: &ldquo;Apr\u00e8s-Shampooing Hydratation Fondamentale - IOMA&rdquo;\" data-quantity=\"1\" data-product_id=\"12137\" data-product_sku=\"\" rel=\"nofollow\" class=\"button wp-block-button__link add_to_cart_button ajax_add_to_cart\">Add to cart<\/a><\/div><\/div><\/li><li class=\"wc-block-grid__product product-grid \">\n\t\t\t\t<div class=\"loop-image-wrap botiga-add-to-cart-button-layout2 botiga-quick-view-button-layout2\">\n\t\t\t\t\t<a href=\"https:\/\/boutique.acorpsbeaute.com\/produit\/emulsion-mains-pigm-400-biologique-recherche\/\" class=\"wc-block-grid__product-link\" title=\"Read more\">\n\t\t\t\t\t\t<div class=\"wc-block-grid__product-image\"><img loading=\"lazy\" decoding=\"async\" width=\"420\" height=\"420\" src=\"https:\/\/boutique.acorpsbeaute.com\/wp-content\/uploads\/2026\/03\/Emulsion-Mains-PIGM-400-Biologique-Recherche-75-ml-420x420.webp\" class=\"attachment-woocommerce_thumbnail size-woocommerce_thumbnail\" alt=\"\u00c9mulsion Mains PIGM 400 Biologique Recherche 75 ml \u2013 cr\u00e8me mains anti-taches pigmentaires et hydratante\" srcset=\"https:\/\/boutique.acorpsbeaute.com\/wp-content\/uploads\/2026\/03\/Emulsion-Mains-PIGM-400-Biologique-Recherche-75-ml-420x420.webp 420w, https:\/\/boutique.acorpsbeaute.com\/wp-content\/uploads\/2026\/03\/Emulsion-Mains-PIGM-400-Biologique-Recherche-75-ml-300x300.webp 300w, https:\/\/boutique.acorpsbeaute.com\/wp-content\/uploads\/2026\/03\/Emulsion-Mains-PIGM-400-Biologique-Recherche-75-ml-1024x1024.webp 1024w, https:\/\/boutique.acorpsbeaute.com\/wp-content\/uploads\/2026\/03\/Emulsion-Mains-PIGM-400-Biologique-Recherche-75-ml-150x150.webp 150w, https:\/\/boutique.acorpsbeaute.com\/wp-content\/uploads\/2026\/03\/Emulsion-Mains-PIGM-400-Biologique-Recherche-75-ml-768x768.webp 768w, https:\/\/boutique.acorpsbeaute.com\/wp-content\/uploads\/2026\/03\/Emulsion-Mains-PIGM-400-Biologique-Recherche-75-ml-1140x1140.webp 1140w, https:\/\/boutique.acorpsbeaute.com\/wp-content\/uploads\/2026\/03\/Emulsion-Mains-PIGM-400-Biologique-Recherche-75-ml-920x920.webp 920w, https:\/\/boutique.acorpsbeaute.com\/wp-content\/uploads\/2026\/03\/Emulsion-Mains-PIGM-400-Biologique-Recherche-75-ml-575x575.webp 575w, https:\/\/boutique.acorpsbeaute.com\/wp-content\/uploads\/2026\/03\/Emulsion-Mains-PIGM-400-Biologique-Recherche-75-ml-380x380.webp 380w, https:\/\/boutique.acorpsbeaute.com\/wp-content\/uploads\/2026\/03\/Emulsion-Mains-PIGM-400-Biologique-Recherche-75-ml-800x800.webp 800w, https:\/\/boutique.acorpsbeaute.com\/wp-content\/uploads\/2026\/03\/Emulsion-Mains-PIGM-400-Biologique-Recherche-75-ml-100x100.webp 100w, https:\/\/boutique.acorpsbeaute.com\/wp-content\/uploads\/2026\/03\/Emulsion-Mains-PIGM-400-Biologique-Recherche-75-ml-80x80.webp 80w, https:\/\/boutique.acorpsbeaute.com\/wp-content\/uploads\/2026\/03\/Emulsion-Mains-PIGM-400-Biologique-Recherche-75-ml.webp 1500w\" sizes=\"(max-width: 420px) 100vw, 420px\" \/><\/div>\n\t\t\t\t\t<\/a>\n\t<a href=\"#\" class=\"button botiga-quick-view-show-on-hover botiga-quick-view botiga-quick-view-layout2\" aria-label=\"Quick view the \u00c9mulsion Mains PIGM 400 &#8211; Biologique Recherche product\" data-product-id=\"12131\" data-nonce=\"8a6cf4dd68\">\n\t\tQuick View\t<\/a>\n\t<\/div><a href=\"https:\/\/boutique.acorpsbeaute.com\/produit\/emulsion-mains-pigm-400-biologique-recherche\/\" class=\"wc-block-grid__product-link\">\n\t\t\t\t\t<div class=\"wc-block-grid__product-title\">\u00c9mulsion Mains PIGM 400 &#8211; Biologique Recherche<\/div>\n\t\t\t\t<\/a><div class=\"wc-block-grid__product-price price\"><\/div><div class=\"wp-block-button wc-block-grid__product-add-to-cart\"><div class=\"loop-button-wrap button-width-auto button-layout2 \"><a href=\"https:\/\/boutique.acorpsbeaute.com\/produit\/emulsion-mains-pigm-400-biologique-recherche\/\" aria-label=\"Read more about &ldquo;\u00c9mulsion Mains PIGM 400 - Biologique Recherche&rdquo;\" data-quantity=\"1\" data-product_id=\"12131\" data-product_sku=\"\" rel=\"nofollow\" class=\"button wp-block-button__link add_to_cart_button\">Read more<\/a><\/div><\/div><\/li><\/ul><\/div><\/div>\n<\/div>\n","protected":false},"excerpt":{"rendered":"","protected":false},"author":1,"featured_media":0,"parent":0,"menu_order":0,"comment_status":"closed","ping_status":"closed","template":"","meta":{"footnotes":""},"class_list":["post-3641","page","type-page","status-publish","hentry"],"yoast_head":"<!-- This site is optimized with the Yoast SEO plugin v27.3 - https:\/\/yoast.com\/product\/yoast-seo-wordpress\/ -->\n<title>Basket - Boutique A&#039;Corps Beaut\u00e9<\/title>\n<meta name=\"robots\" content=\"index, follow, max-snippet:-1, max-image-preview:large, max-video-preview:-1\" \/>\n<link rel=\"canonical\" href=\"https:\/\/boutique.acorpsbeaute.com\/en\/cart\/\" \/>\n<script type=\"application\/ld+json\" class=\"yoast-schema-graph\">{\"@context\":\"https:\\\/\\\/schema.org\",\"@graph\":[{\"@type\":\"WebPage\",\"@id\":\"https:\\\/\\\/boutique.acorpsbeaute.com\\\/en\\\/cart\\\/\",\"url\":\"https:\\\/\\\/boutique.acorpsbeaute.com\\\/en\\\/cart\\\/\",\"name\":\"Basket - Boutique A&#039;Corps Beaut\u00e9\",\"isPartOf\":{\"@id\":\"https:\\\/\\\/boutique.acorpsbeaute.com\\\/en\\\/#website\"},\"datePublished\":\"2024-12-28T15:43:37+00:00\",\"dateModified\":\"2025-03-12T12:43:19+00:00\",\"breadcrumb\":{\"@id\":\"https:\\\/\\\/boutique.acorpsbeaute.com\\\/en\\\/cart\\\/#breadcrumb\"},\"inLanguage\":\"en-US\",\"potentialAction\":[{\"@type\":\"ReadAction\",\"target\":[\"https:\\\/\\\/boutique.acorpsbeaute.com\\\/en\\\/cart\\\/\"]}]},{\"@type\":\"BreadcrumbList\",\"@id\":\"https:\\\/\\\/boutique.acorpsbeaute.com\\\/en\\\/cart\\\/#breadcrumb\",\"itemListElement\":[{\"@type\":\"ListItem\",\"position\":1,\"name\":\"Accueil\",\"item\":\"https:\\\/\\\/boutique.acorpsbeaute.com\\\/en\\\/acorps-beaute-boutique\\\/\"},{\"@type\":\"ListItem\",\"position\":2,\"name\":\"Basket\"}]},{\"@type\":\"WebSite\",\"@id\":\"https:\\\/\\\/boutique.acorpsbeaute.com\\\/en\\\/#website\",\"url\":\"https:\\\/\\\/boutique.acorpsbeaute.com\\\/en\\\/\",\"name\":\"Boutique A&#039;Corps Beaut\u00e9\",\"description\":\"\",\"publisher\":{\"@id\":\"https:\\\/\\\/boutique.acorpsbeaute.com\\\/en\\\/#organization\"},\"potentialAction\":[{\"@type\":\"SearchAction\",\"target\":{\"@type\":\"EntryPoint\",\"urlTemplate\":\"https:\\\/\\\/boutique.acorpsbeaute.com\\\/en\\\/?s={search_term_string}\"},\"query-input\":{\"@type\":\"PropertyValueSpecification\",\"valueRequired\":true,\"valueName\":\"search_term_string\"}}],\"inLanguage\":\"en-US\"},{\"@type\":\"Organization\",\"@id\":\"https:\\\/\\\/boutique.acorpsbeaute.com\\\/en\\\/#organization\",\"name\":\"Boutique A&#039;Corps Beaut\u00e9\",\"url\":\"https:\\\/\\\/boutique.acorpsbeaute.com\\\/en\\\/\",\"logo\":{\"@type\":\"ImageObject\",\"inLanguage\":\"en-US\",\"@id\":\"https:\\\/\\\/boutique.acorpsbeaute.com\\\/en\\\/#\\\/schema\\\/logo\\\/image\\\/\",\"url\":\"https:\\\/\\\/boutique.acorpsbeaute.com\\\/wp-content\\\/uploads\\\/2024\\\/11\\\/logo-acb-noir-svg.svg\",\"contentUrl\":\"https:\\\/\\\/boutique.acorpsbeaute.com\\\/wp-content\\\/uploads\\\/2024\\\/11\\\/logo-acb-noir-svg.svg\",\"width\":400,\"height\":400,\"caption\":\"Boutique A&#039;Corps Beaut\u00e9\"},\"image\":{\"@id\":\"https:\\\/\\\/boutique.acorpsbeaute.com\\\/en\\\/#\\\/schema\\\/logo\\\/image\\\/\"}}]}<\/script>\n<!-- \/ Yoast SEO plugin. -->","yoast_head_json":{"title":"Basket - Boutique A&#039;Corps Beaut\u00e9","robots":{"index":"index","follow":"follow","max-snippet":"max-snippet:-1","max-image-preview":"max-image-preview:large","max-video-preview":"max-video-preview:-1"},"canonical":"https:\/\/boutique.acorpsbeaute.com\/en\/cart\/","schema":{"@context":"https:\/\/schema.org","@graph":[{"@type":"WebPage","@id":"https:\/\/boutique.acorpsbeaute.com\/en\/cart\/","url":"https:\/\/boutique.acorpsbeaute.com\/en\/cart\/","name":"Basket - Boutique A&#039;Corps Beaut\u00e9","isPartOf":{"@id":"https:\/\/boutique.acorpsbeaute.com\/en\/#website"},"datePublished":"2024-12-28T15:43:37+00:00","dateModified":"2025-03-12T12:43:19+00:00","breadcrumb":{"@id":"https:\/\/boutique.acorpsbeaute.com\/en\/cart\/#breadcrumb"},"inLanguage":"en-US","potentialAction":[{"@type":"ReadAction","target":["https:\/\/boutique.acorpsbeaute.com\/en\/cart\/"]}]},{"@type":"BreadcrumbList","@id":"https:\/\/boutique.acorpsbeaute.com\/en\/cart\/#breadcrumb","itemListElement":[{"@type":"ListItem","position":1,"name":"Accueil","item":"https:\/\/boutique.acorpsbeaute.com\/en\/acorps-beaute-boutique\/"},{"@type":"ListItem","position":2,"name":"Basket"}]},{"@type":"WebSite","@id":"https:\/\/boutique.acorpsbeaute.com\/en\/#website","url":"https:\/\/boutique.acorpsbeaute.com\/en\/","name":"Boutique A&#039;Corps Beaut\u00e9","description":"","publisher":{"@id":"https:\/\/boutique.acorpsbeaute.com\/en\/#organization"},"potentialAction":[{"@type":"SearchAction","target":{"@type":"EntryPoint","urlTemplate":"https:\/\/boutique.acorpsbeaute.com\/en\/?s={search_term_string}"},"query-input":{"@type":"PropertyValueSpecification","valueRequired":true,"valueName":"search_term_string"}}],"inLanguage":"en-US"},{"@type":"Organization","@id":"https:\/\/boutique.acorpsbeaute.com\/en\/#organization","name":"Boutique A&#039;Corps Beaut\u00e9","url":"https:\/\/boutique.acorpsbeaute.com\/en\/","logo":{"@type":"ImageObject","inLanguage":"en-US","@id":"https:\/\/boutique.acorpsbeaute.com\/en\/#\/schema\/logo\/image\/","url":"https:\/\/boutique.acorpsbeaute.com\/wp-content\/uploads\/2024\/11\/logo-acb-noir-svg.svg","contentUrl":"https:\/\/boutique.acorpsbeaute.com\/wp-content\/uploads\/2024\/11\/logo-acb-noir-svg.svg","width":400,"height":400,"caption":"Boutique A&#039;Corps Beaut\u00e9"},"image":{"@id":"https:\/\/boutique.acorpsbeaute.com\/en\/#\/schema\/logo\/image\/"}}]}},"_links":{"self":[{"href":"https:\/\/boutique.acorpsbeaute.com\/en\/wp-json\/wp\/v2\/pages\/3641","targetHints":{"allow":["GET"]}}],"collection":[{"href":"https:\/\/boutique.acorpsbeaute.com\/en\/wp-json\/wp\/v2\/pages"}],"about":[{"href":"https:\/\/boutique.acorpsbeaute.com\/en\/wp-json\/wp\/v2\/types\/page"}],"author":[{"embeddable":true,"href":"https:\/\/boutique.acorpsbeaute.com\/en\/wp-json\/wp\/v2\/users\/1"}],"replies":[{"embeddable":true,"href":"https:\/\/boutique.acorpsbeaute.com\/en\/wp-json\/wp\/v2\/comments?post=3641"}],"version-history":[{"count":2,"href":"https:\/\/boutique.acorpsbeaute.com\/en\/wp-json\/wp\/v2\/pages\/3641\/revisions"}],"predecessor-version":[{"id":4918,"href":"https:\/\/boutique.acorpsbeaute.com\/en\/wp-json\/wp\/v2\/pages\/3641\/revisions\/4918"}],"wp:attachment":[{"href":"https:\/\/boutique.acorpsbeaute.com\/en\/wp-json\/wp\/v2\/media?parent=3641"}],"curies":[{"name":"wp","href":"https:\/\/api.w.org\/{rel}","templated":true}]}}